{"id":2,"date":"2025-12-03T15:53:04","date_gmt":"2025-12-03T15:53:04","guid":{"rendered":"https:\/\/fusionicacatering.com\/?page_id=2"},"modified":"2025-12-04T13:21:04","modified_gmt":"2025-12-04T13:21:04","slug":"inicio","status":"publish","type":"page","link":"https:\/\/fusionicacatering.com\/","title":{"rendered":"Inicio"},"content":{"rendered":"<p>[et_pb_section fb_built=\u00bb1&#8243; _builder_version=\u00bb4.27.4&#8243; custom_padding=\u00bb0px||0px||true|false\u00bb global_colors_info=\u00bb{}\u00bb][et_pb_row column_structure=\u00bb1_2,1_2&#8243; use_custom_gutter=\u00bbon\u00bb gutter_width=\u00bb1&#8243; make_equal=\u00bbon\u00bb _builder_version=\u00bb4.27.4&#8243; width=\u00bb100%\u00bb width_tablet=\u00bb90%\u00bb width_phone=\u00bb90%\u00bb width_last_edited=\u00bboff|desktop\u00bb max_width=\u00bb100%\u00bb max_width_tablet=\u00bb90%\u00bb max_width_phone=\u00bb90%\u00bb max_width_last_edited=\u00bboff|desktop\u00bb custom_margin=\u00bb||||false|false\u00bb custom_padding=\u00bb0px||0px||true|false\u00bb global_colors_info=\u00bb{}\u00bb][et_pb_column type=\u00bb1_2&#8243; _builder_version=\u00bb4.27.4&#8243; background_color=\u00bb#0a3d10&#8243; custom_padding=\u00bb21vh|16vh|21vh|16vh|true|true\u00bb custom_padding_tablet=\u00bb6vh|6vh|6vh|6vh|true|true\u00bb custom_padding_phone=\u00bb4vh|3vh|4vh|3vh|true|true\u00bb custom_padding_last_edited=\u00bbon|phone\u00bb global_colors_info=\u00bb{}\u00bb][et_pb_text _builder_version=\u00bb4.27.4&#8243; text_font=\u00bbQuestrial||||||||\u00bb text_text_color=\u00bb#FFFFFF\u00bb text_font_size=\u00bb25px\u00bb text_line_height=\u00bb1em\u00bb custom_margin=\u00bb||||false|false\u00bb global_colors_info=\u00bb{}\u00bb]<\/p>\n<p>Nuestro nuevo sitio est\u00e1 en proceso; muy pronto ver\u00e9is todas las novedades.<\/p>\n<p>[\/et_pb_text][et_pb_text _builder_version=\u00bb4.27.4&#8243; text_font=\u00bbQuestrial||||||||\u00bb text_text_color=\u00bb#FFFFFF\u00bb text_font_size=\u00bb18px\u00bb custom_margin=\u00bb40px||||false|false\u00bb text_line_height_tablet=\u00bb\u00bb text_line_height_phone=\u00bb1.8em\u00bb text_line_height_last_edited=\u00bbon|desktop\u00bb global_colors_info=\u00bb{}\u00bb text_line_height__hover_enabled=\u00bboff|desktop\u00bb]<\/p>\n<p data-start=\"99\" data-end=\"381\">Desde 2023, nuestra pasi\u00f3n es crear experiencias culinarias \u00fanicas a trav\u00e9s de la fusi\u00f3n entre la cocina mediterr\u00e1nea y la amaz\u00f3nica. Ofrecemos servicios de Chef Privado, paellas a domicilio y catering, siempre con una propuesta gastron\u00f3mica personalizada y cuidada al detalle.<\/p>\n<p data-start=\"383\" data-end=\"438\">Si deseas m\u00e1s informaci\u00f3n, <strong>\u00a1contacta con nosotros!<\/strong><\/p>\n<p>[\/et_pb_text][et_pb_code _builder_version=\u00bb4.27.4&#8243; global_colors_info=\u00bb{}\u00bb]<\/p>\n<style><!-- [et_pb_line_break_holder] -->  @media only screen and (min-width: 981px) {<!-- [et_pb_line_break_holder] -->    .et_pb_subscribe .et_pb_newsletter_fields > p { <!-- [et_pb_line_break_holder] -->        flex: auto !important;<!-- [et_pb_line_break_holder] -->    }<!-- [et_pb_line_break_holder] -->    .et_pb_subscribe .et_pb_newsletter_fields p.et_pb_newsletter_field {<!-- [et_pb_line_break_holder] -->        margin-right: 2%; <!-- [et_pb_line_break_holder] -->    }<!-- [et_pb_line_break_holder] -->}<\/style>\n<p>[\/et_pb_code][et_pb_button button_url=\u00bbtel:+34613986584&#8243; button_text=\u00bbCONT\u00c1CTANOS\u00bb _builder_version=\u00bb4.27.4&#8243; _module_preset=\u00bbdefault\u00bb custom_button=\u00bbon\u00bb button_text_size=\u00bb15px\u00bb button_text_color=\u00bb#0A3D10&#8243; button_bg_color=\u00bb#FFFFFF\u00bb button_font=\u00bbQuestrial|700|||||||\u00bb button_use_icon=\u00bboff\u00bb custom_margin=\u00bb5%||||false|false\u00bb custom_padding=\u00bb13px|34px|13px|34px|true|true\u00bb global_colors_info=\u00bb{}\u00bb button_text_color__hover_enabled=\u00bbon|desktop\u00bb button_text_color__hover=\u00bb#FFFFFF\u00bb button_border_color__hover_enabled=\u00bbon|hover\u00bb button_border_color__hover=\u00bb#002b04&#8243; button_bg_color__hover_enabled=\u00bbon|hover\u00bb button_bg_color__hover=\u00bb#002B04&#8243; button_bg_enable_color__hover=\u00bbon\u00bb][\/et_pb_button][\/et_pb_column][et_pb_column type=\u00bb1_2&#8243; _builder_version=\u00bb4.27.4&#8243; background_image=\u00bbhttps:\/\/fusionicacatering.com\/wp-content\/uploads\/2025\/12\/Img_Fusionica_Catering.jpg\u00bb global_colors_info=\u00bb{}\u00bb][et_pb_divider show_divider=\u00bboff\u00bb disabled_on=\u00bboff|off|on\u00bb _builder_version=\u00bb4.27.4&#8243; custom_padding=\u00bb49%||49%||true|false\u00bb global_colors_info=\u00bb{}\u00bb][\/et_pb_divider][\/et_pb_column][\/et_pb_row][\/et_pb_section]<\/p>\n","protected":false},"excerpt":{"rendered":"<p>Nuestro nuevo sitio est\u00e1 en proceso; muy pronto ver\u00e9is todas las novedades.Desde 2023, nuestra pasi\u00f3n es crear experiencias culinarias \u00fanicas a trav\u00e9s de la fusi\u00f3n entre la cocina mediterr\u00e1nea y la amaz\u00f3nica. Ofrecemos servicios de Chef Privado, paellas a domicilio y catering, siempre con una propuesta gastron\u00f3mica personalizada y cuidada al detalle. Si deseas m\u00e1s [&hellip;]<\/p>\n","protected":false},"author":1,"featured_media":0,"parent":0,"menu_order":0,"comment_status":"closed","ping_status":"closed","template":"","meta":{"_et_pb_use_builder":"on","_et_pb_old_content":"<!-- wp:paragraph -->\n<p>This is an example page. It's different from a blog post because it will stay in one place and will show up in your site navigation (in most themes). Most people start with an About page that introduces them to potential site visitors. It might say something like this:<\/p>\n<!-- \/wp:paragraph -->\n\n<!-- wp:quote -->\n<blockquote class=\"wp-block-quote\">\n<!-- wp:paragraph -->\n<p>Hi there! I'm a bike messenger by day, aspiring actor by night, and this is my website. I live in Los Angeles, have a great dog named Jack, and I like pi&#241;a coladas. (And gettin' caught in the rain.)<\/p>\n<!-- \/wp:paragraph -->\n<\/blockquote>\n<!-- \/wp:quote -->\n\n<!-- wp:paragraph -->\n<p>...or something like this:<\/p>\n<!-- \/wp:paragraph -->\n\n<!-- wp:quote -->\n<blockquote class=\"wp-block-quote\">\n<!-- wp:paragraph -->\n<p>The XYZ Doohickey Company was founded in 1971, and has been providing quality doohickeys to the public ever since. Located in Gotham City, XYZ employs over 2,000 people and does all kinds of awesome things for the Gotham community.<\/p>\n<!-- \/wp:paragraph -->\n<\/blockquote>\n<!-- \/wp:quote -->\n\n<!-- wp:paragraph -->\n<p>As a new WordPress user, you should go to <a href=\"https:\/\/fusionicacatering.com\/wp-admin\/\">your dashboard<\/a> to delete this page and create new pages for your content. Have fun!<\/p>\n<!-- \/wp:paragraph -->","_et_gb_content_width":"","footnotes":""},"class_list":["post-2","page","type-page","status-publish","hentry"],"yoast_head":"<!-- This site is optimized with the Yoast SEO plugin v27.3 - https:\/\/yoast.com\/product\/yoast-seo-wordpress\/ -->\n<title>Inicio - Fusionica<\/title>\n<meta name=\"robots\" content=\"index, follow, max-snippet:-1, max-image-preview:large, max-video-preview:-1\" \/>\n<link rel=\"canonical\" href=\"https:\/\/fusionicacatering.com\/\" \/>\n<meta property=\"og:locale\" content=\"es_ES\" \/>\n<meta property=\"og:type\" content=\"article\" \/>\n<meta property=\"og:title\" content=\"Inicio - Fusionica\" \/>\n<meta property=\"og:description\" content=\"Nuestro nuevo sitio est\u00e1 en proceso; muy pronto ver\u00e9is todas las novedades.Desde 2023, nuestra pasi\u00f3n es crear experiencias culinarias \u00fanicas a trav\u00e9s de la fusi\u00f3n entre la cocina mediterr\u00e1nea y la amaz\u00f3nica. Ofrecemos servicios de Chef Privado, paellas a domicilio y catering, siempre con una propuesta gastron\u00f3mica personalizada y cuidada al detalle. Si deseas m\u00e1s [&hellip;]\" \/>\n<meta property=\"og:url\" content=\"https:\/\/fusionicacatering.com\/\" \/>\n<meta property=\"og:site_name\" content=\"Fusionica\" \/>\n<meta property=\"article:modified_time\" content=\"2025-12-04T13:21:04+00:00\" \/>\n<meta name=\"twitter:card\" content=\"summary_large_image\" \/>\n<meta name=\"twitter:label1\" content=\"Tiempo de lectura\" \/>\n\t<meta name=\"twitter:data1\" content=\"1 minuto\" \/>\n<script type=\"application\/ld+json\" class=\"yoast-schema-graph\">{\"@context\":\"https:\\\/\\\/schema.org\",\"@graph\":[{\"@type\":\"WebPage\",\"@id\":\"https:\\\/\\\/fusionicacatering.com\\\/\",\"url\":\"https:\\\/\\\/fusionicacatering.com\\\/\",\"name\":\"Inicio - Fusionica\",\"isPartOf\":{\"@id\":\"https:\\\/\\\/fusionicacatering.com\\\/#website\"},\"datePublished\":\"2025-12-03T15:53:04+00:00\",\"dateModified\":\"2025-12-04T13:21:04+00:00\",\"breadcrumb\":{\"@id\":\"https:\\\/\\\/fusionicacatering.com\\\/#breadcrumb\"},\"inLanguage\":\"es\",\"potentialAction\":[{\"@type\":\"ReadAction\",\"target\":[\"https:\\\/\\\/fusionicacatering.com\\\/\"]}]},{\"@type\":\"BreadcrumbList\",\"@id\":\"https:\\\/\\\/fusionicacatering.com\\\/#breadcrumb\",\"itemListElement\":[{\"@type\":\"ListItem\",\"position\":1,\"name\":\"Portada\",\"item\":\"https:\\\/\\\/fusionicacatering.com\\\/\"},{\"@type\":\"ListItem\",\"position\":2,\"name\":\"Inicio\"}]},{\"@type\":\"WebSite\",\"@id\":\"https:\\\/\\\/fusionicacatering.com\\\/#website\",\"url\":\"https:\\\/\\\/fusionicacatering.com\\\/\",\"name\":\"Fusionica\",\"description\":\"Exclusive Catering\",\"potentialAction\":[{\"@type\":\"SearchAction\",\"target\":{\"@type\":\"EntryPoint\",\"urlTemplate\":\"https:\\\/\\\/fusionicacatering.com\\\/?s={search_term_string}\"},\"query-input\":{\"@type\":\"PropertyValueSpecification\",\"valueRequired\":true,\"valueName\":\"search_term_string\"}}],\"inLanguage\":\"es\"}]}<\/script>\n<!-- \/ Yoast SEO plugin. -->","yoast_head_json":{"title":"Inicio - Fusionica","robots":{"index":"index","follow":"follow","max-snippet":"max-snippet:-1","max-image-preview":"max-image-preview:large","max-video-preview":"max-video-preview:-1"},"canonical":"https:\/\/fusionicacatering.com\/","og_locale":"es_ES","og_type":"article","og_title":"Inicio - Fusionica","og_description":"Nuestro nuevo sitio est\u00e1 en proceso; muy pronto ver\u00e9is todas las novedades.Desde 2023, nuestra pasi\u00f3n es crear experiencias culinarias \u00fanicas a trav\u00e9s de la fusi\u00f3n entre la cocina mediterr\u00e1nea y la amaz\u00f3nica. Ofrecemos servicios de Chef Privado, paellas a domicilio y catering, siempre con una propuesta gastron\u00f3mica personalizada y cuidada al detalle. Si deseas m\u00e1s [&hellip;]","og_url":"https:\/\/fusionicacatering.com\/","og_site_name":"Fusionica","article_modified_time":"2025-12-04T13:21:04+00:00","twitter_card":"summary_large_image","twitter_misc":{"Tiempo de lectura":"1 minuto"},"schema":{"@context":"https:\/\/schema.org","@graph":[{"@type":"WebPage","@id":"https:\/\/fusionicacatering.com\/","url":"https:\/\/fusionicacatering.com\/","name":"Inicio - Fusionica","isPartOf":{"@id":"https:\/\/fusionicacatering.com\/#website"},"datePublished":"2025-12-03T15:53:04+00:00","dateModified":"2025-12-04T13:21:04+00:00","breadcrumb":{"@id":"https:\/\/fusionicacatering.com\/#breadcrumb"},"inLanguage":"es","potentialAction":[{"@type":"ReadAction","target":["https:\/\/fusionicacatering.com\/"]}]},{"@type":"BreadcrumbList","@id":"https:\/\/fusionicacatering.com\/#breadcrumb","itemListElement":[{"@type":"ListItem","position":1,"name":"Portada","item":"https:\/\/fusionicacatering.com\/"},{"@type":"ListItem","position":2,"name":"Inicio"}]},{"@type":"WebSite","@id":"https:\/\/fusionicacatering.com\/#website","url":"https:\/\/fusionicacatering.com\/","name":"Fusionica","description":"Exclusive Catering","potentialAction":[{"@type":"SearchAction","target":{"@type":"EntryPoint","urlTemplate":"https:\/\/fusionicacatering.com\/?s={search_term_string}"},"query-input":{"@type":"PropertyValueSpecification","valueRequired":true,"valueName":"search_term_string"}}],"inLanguage":"es"}]}},"_links":{"self":[{"href":"https:\/\/fusionicacatering.com\/index.php?rest_route=\/wp\/v2\/pages\/2","targetHints":{"allow":["GET"]}}],"collection":[{"href":"https:\/\/fusionicacatering.com\/index.php?rest_route=\/wp\/v2\/pages"}],"about":[{"href":"https:\/\/fusionicacatering.com\/index.php?rest_route=\/wp\/v2\/types\/page"}],"author":[{"embeddable":true,"href":"https:\/\/fusionicacatering.com\/index.php?rest_route=\/wp\/v2\/users\/1"}],"replies":[{"embeddable":true,"href":"https:\/\/fusionicacatering.com\/index.php?rest_route=%2Fwp%2Fv2%2Fcomments&post=2"}],"version-history":[{"count":5,"href":"https:\/\/fusionicacatering.com\/index.php?rest_route=\/wp\/v2\/pages\/2\/revisions"}],"predecessor-version":[{"id":47,"href":"https:\/\/fusionicacatering.com\/index.php?rest_route=\/wp\/v2\/pages\/2\/revisions\/47"}],"wp:attachment":[{"href":"https:\/\/fusionicacatering.com\/index.php?rest_route=%2Fwp%2Fv2%2Fmedia&parent=2"}],"curies":[{"name":"wp","href":"https:\/\/api.w.org\/{rel}","templated":true}]}}